{"id":59,"date":"2024-08-31T09:33:04","date_gmt":"2024-08-31T09:33:04","guid":{"rendered":"https:\/\/blastprocessor.de\/knoll-drucklufttechnik\/?page_id=59"},"modified":"2026-01-19T10:51:18","modified_gmt":"2026-01-19T10:51:18","slug":"unternehmen","status":"publish","type":"page","link":"https:\/\/knoll-drucklufttechnik.de\/index.php\/unternehmen\/","title":{"rendered":"Unternehmen"},"content":{"rendered":"\t\t<div data-elementor-type=\"wp-page\" data-elementor-id=\"59\" class=\"elementor elementor-59\" data-elementor-post-type=\"page\">\n\t\t\t\t<div class=\"elementor-element elementor-element-e83ed42 e-flex e-con-boxed e-con e-parent\" data-id=\"e83ed42\" data-element_type=\"container\">\n\t\t\t\t\t<div class=\"e-con-inner\">\n\t\t\t\t<div class=\"elementor-element elementor-element-63cc725 elementor-widget elementor-widget-text-editor\" data-id=\"63cc725\" data-element_type=\"widget\" data-widget_type=\"text-editor.default\">\n\t\t\t\t<div class=\"elementor-widget-container\">\n\t\t\t\t\t\t\t\t\t<p><span style=\"color: #f58221;\"><strong>Knoll Industriebedarf<\/strong><\/span><strong>\u00a0<\/strong>arbeitet \u2013 Hand in Hand \u2013 mit\u00a0<span style=\"color: #f58221;\"><strong>Porta Druckluft<\/strong><\/span>\u00a0vom gemeinsamen Standort in Vlotho-Uffeln aus.<\/p>\t\t\t\t\t\t\t\t<\/div>\n\t\t\t\t<\/div>\n\t\t\t\t<div class=\"elementor-element elementor-element-70b704c elementor-widget elementor-widget-text-editor\" data-id=\"70b704c\" data-element_type=\"widget\" data-widget_type=\"text-editor.default\">\n\t\t\t\t<div class=\"elementor-widget-container\">\n\t\t\t\t\t\t\t\t\t<p><strong>Knoll Industriebedarf<\/strong> hat sich als herstellerunabh\u00e4ngiger Berater f\u00fcr alle Fragen rund um die\u00a0Druckluftversorgung\u00a0und ihre Anwendung etabliert. Das Motto\u00a0\u201eVom Kompressor bis zum Arbeitsplatz\u201c\u00a0wird hier t\u00e4glich gelebt. F\u00fcr unsere Kunden k\u00fcmmern wir uns um kosteng\u00fcnstige und best\u00e4ndige Komplettl\u00f6sungen. Wir planen bedarfsgerecht, liefern, montieren, warten und reparieren. Unser Lieferumfang erstreckt sich auf\u00a0Schraubenkompressoren, Kolbenkompressoren, Dentalkompressoren, Drucklufttrockner und\u00a0Druckluftleitungen.\u00a0Druckluftwerkzeuge, wie z. B. Schrauber, Schleifer und Bohrer k\u00f6nnen ebenfalls \u00fcber uns erworben werden. Dar\u00fcberhinaus stellen wir das komplette Anlagenzubeh\u00f6r \u2013 vom Kondensatableiter \u00fcber Druckluftbeh\u00e4lter, Druckluftfilter bis hin zum \u00d6l-Wasser-Trenner. \u00dcber 300.000 Artikel rund um die Druckluft, finden Sie im Onlineshop unseres Partners <strong>Porta Druckluft<\/strong> unter <a title=\"https:\/\/porta-druckluft.pneumatikatlas.com\/de\" href=\"https:\/\/porta-druckluft.pneumatikatlas.com\/de\" target=\"_blank\" rel=\"noopener\">Zubeh\u00f6r Produkte<\/a>.<\/p><p>Schneller Service, Kundenn\u00e4he und kompetente Beratung bietet Ihnen<br \/>Karl-Uwe Schaefers und seine Teams von <strong>Knoll Industriebedarf<\/strong> und <strong>Porta Druckluft.<\/strong><\/p>\t\t\t\t\t\t\t\t<\/div>\n\t\t\t\t<\/div>\n\t\t\t\t\t<\/div>\n\t\t\t\t<\/div>\n\t\t<div class=\"elementor-element elementor-element-0d44d0b e-flex e-con-boxed e-con e-parent\" data-id=\"0d44d0b\" data-element_type=\"container\">\n\t\t\t\t\t<div class=\"e-con-inner\">\n\t\t<div class=\"elementor-element elementor-element-04d9da8 e-con-full e-flex e-con e-child\" data-id=\"04d9da8\" data-element_type=\"container\">\n\t\t\t\t<div class=\"elementor-element elementor-element-f3b62df elementor-widget elementor-widget-heading\" data-id=\"f3b62df\" data-element_type=\"widget\" data-widget_type=\"heading.default\">\n\t\t\t\t<div class=\"elementor-widget-container\">\n\t\t\t\t\t<span class=\"elementor-heading-title elementor-size-default\">Druckluftversorgung<br>\nund -Anwendungen <\/span>\t\t\t\t<\/div>\n\t\t\t\t<\/div>\n\t\t\t\t<\/div>\n\t\t<div class=\"elementor-element elementor-element-8d84445 e-con-full e-flex e-con e-child\" data-id=\"8d84445\" data-element_type=\"container\">\n\t\t\t\t<div class=\"elementor-element elementor-element-4de37d2 elementor-widget elementor-widget-heading\" data-id=\"4de37d2\" data-element_type=\"widget\" data-widget_type=\"heading.default\">\n\t\t\t\t<div class=\"elementor-widget-container\">\n\t\t\t\t\t<span class=\"elementor-heading-title elementor-size-default\">Anlagen-Zubeh\u00f6r <\/span>\t\t\t\t<\/div>\n\t\t\t\t<\/div>\n\t\t\t\t<\/div>\n\t\t<div class=\"elementor-element elementor-element-c3a9fa7 e-con-full e-flex e-con e-child\" data-id=\"c3a9fa7\" data-element_type=\"container\">\n\t\t\t\t<div class=\"elementor-element elementor-element-a1c1c09 elementor-widget elementor-widget-text-editor\" data-id=\"a1c1c09\" data-element_type=\"widget\" data-widget_type=\"text-editor.default\">\n\t\t\t\t<div class=\"elementor-widget-container\">\n\t\t\t\t\t\t\t\t\t<div><span style=\"color: #f58221;\">\u2022<\/span> Schraubenkompressoren<br \/><span style=\"color: #f58221;\">\u2022<\/span> Kolbenkompressoren<br \/><span style=\"color: #f58221;\">\u2022<\/span> \u00d6lfreie Kompressoren<br \/><span style=\"color: #f58221;\">\u2022<\/span> Drucklufttrockner<br \/><span style=\"color: #f58221;\">\u2022<\/span> Druckluftleitungen<br \/><span style=\"color: #f58221;\">\u2022<\/span> Druckluftwerkzeuge<\/div>\t\t\t\t\t\t\t\t<\/div>\n\t\t\t\t<\/div>\n\t\t\t\t<\/div>\n\t\t<div class=\"elementor-element elementor-element-df217e9 e-con-full e-flex e-con e-child\" data-id=\"df217e9\" data-element_type=\"container\">\n\t\t\t\t<div class=\"elementor-element elementor-element-ae66422 elementor-widget elementor-widget-text-editor\" data-id=\"ae66422\" data-element_type=\"widget\" data-widget_type=\"text-editor.default\">\n\t\t\t\t<div class=\"elementor-widget-container\">\n\t\t\t\t\t\t\t\t\t<div><p><span style=\"color: #f58221;\">\u2022 <\/span>Kondensatableiter<br \/><span style=\"color: #f58221;\">\u2022<\/span> Druckluftbeh\u00e4lter<br \/><span style=\"color: #f58221;\">\u2022<\/span> Druckluftfilter<br \/><span style=\"color: #f58221;\">\u2022<\/span> \u00d6l-Wasser-Trenner etc.<\/p><\/div>\t\t\t\t\t\t\t\t<\/div>\n\t\t\t\t<\/div>\n\t\t\t\t<\/div>\n\t\t\t\t\t<\/div>\n\t\t\t\t<\/div>\n\t\t\t\t<\/div>\n\t\t","protected":false},"excerpt":{"rendered":"<p>Knoll Industriebedarf\u00a0arbeitet \u2013 Hand in Hand \u2013 mit\u00a0Porta Druckluft\u00a0vom gemeinsamen Standort in Vlotho-Uffeln aus. Knoll Industriebedarf hat sich als herstellerunabh\u00e4ngiger Berater f\u00fcr alle Fragen rund um die\u00a0Druckluftversorgung\u00a0und ihre Anwendung etabliert. Das Motto\u00a0\u201eVom Kompressor bis zum Arbeitsplatz\u201c\u00a0wird hier t\u00e4glich gelebt. F\u00fcr unsere Kunden k\u00fcmmern wir uns um kosteng\u00fcnstige und best\u00e4ndige Komplettl\u00f6sungen. Wir planen bedarfsgerecht, liefern, montieren, [&hellip;]<\/p>\n","protected":false},"author":1,"featured_media":0,"parent":0,"menu_order":0,"comment_status":"closed","ping_status":"closed","template":"","meta":{"footnotes":""},"class_list":["post-59","page","type-page","status-publish","hentry"],"_links":{"self":[{"href":"https:\/\/knoll-drucklufttechnik.de\/index.php\/wp-json\/wp\/v2\/pages\/59","targetHints":{"allow":["GET"]}}],"collection":[{"href":"https:\/\/knoll-drucklufttechnik.de\/index.php\/wp-json\/wp\/v2\/pages"}],"about":[{"href":"https:\/\/knoll-drucklufttechnik.de\/index.php\/wp-json\/wp\/v2\/types\/page"}],"author":[{"embeddable":true,"href":"https:\/\/knoll-drucklufttechnik.de\/index.php\/wp-json\/wp\/v2\/users\/1"}],"replies":[{"embeddable":true,"href":"https:\/\/knoll-drucklufttechnik.de\/index.php\/wp-json\/wp\/v2\/comments?post=59"}],"version-history":[{"count":85,"href":"https:\/\/knoll-drucklufttechnik.de\/index.php\/wp-json\/wp\/v2\/pages\/59\/revisions"}],"predecessor-version":[{"id":735,"href":"https:\/\/knoll-drucklufttechnik.de\/index.php\/wp-json\/wp\/v2\/pages\/59\/revisions\/735"}],"wp:attachment":[{"href":"https:\/\/knoll-drucklufttechnik.de\/index.php\/wp-json\/wp\/v2\/media?parent=59"}],"curies":[{"name":"wp","href":"https:\/\/api.w.org\/{rel}","templated":true}]}}