{"id":285,"date":"2024-09-30T14:18:30","date_gmt":"2024-09-30T14:18:30","guid":{"rendered":"https:\/\/blastprocessor.de\/knoll-drucklufttechnik\/?page_id=285"},"modified":"2026-01-19T09:38:19","modified_gmt":"2026-01-19T09:38:19","slug":"startseite","status":"publish","type":"page","link":"https:\/\/knoll-drucklufttechnik.de\/","title":{"rendered":"Startseite"},"content":{"rendered":"\t\t<div data-elementor-type=\"wp-page\" data-elementor-id=\"285\" class=\"elementor elementor-285\" data-elementor-post-type=\"page\">\n\t\t\t\t<div class=\"elementor-element elementor-element-5526365 e-flex e-con-boxed e-con e-parent\" data-id=\"5526365\" data-element_type=\"container\">\n\t\t\t\t\t<div class=\"e-con-inner\">\n\t\t<div class=\"elementor-element elementor-element-bf9f219 e-con-full e-flex e-con e-child\" data-id=\"bf9f219\" data-element_type=\"container\">\n\t\t\t\t<div class=\"elementor-element elementor-element-de3c8fe elementor-headline--style-highlight elementor-widget elementor-widget-animated-headline\" data-id=\"de3c8fe\" data-element_type=\"widget\" data-settings=\"{&quot;marker&quot;:&quot;underline_zigzag&quot;,&quot;highlighted_text&quot;:&quot;Knoll Drucklufttechnik&quot;,&quot;headline_style&quot;:&quot;highlight&quot;,&quot;loop&quot;:&quot;yes&quot;,&quot;highlight_animation_duration&quot;:1200,&quot;highlight_iteration_delay&quot;:8000}\" data-widget_type=\"animated-headline.default\">\n\t\t\t\t<div class=\"elementor-widget-container\">\n\t\t\t\t\t\t\t<h3 class=\"elementor-headline\">\n\t\t\t\t\t<span class=\"elementor-headline-plain-text elementor-headline-text-wrapper\">Herzlich willkommen bei<\/span>\n\t\t\t\t<span class=\"elementor-headline-dynamic-wrapper elementor-headline-text-wrapper\">\n\t\t\t\t\t<span class=\"elementor-headline-dynamic-text elementor-headline-text-active\">Knoll Drucklufttechnik<\/span>\n\t\t\t\t<\/span>\n\t\t\t\t<\/h3>\n\t\t\t\t\t\t<\/div>\n\t\t\t\t<\/div>\n\t\t\t\t<div class=\"elementor-element elementor-element-09e4148 elementor-widget elementor-widget-heading\" data-id=\"09e4148\" data-element_type=\"widget\" data-widget_type=\"heading.default\">\n\t\t\t\t<div class=\"elementor-widget-container\">\n\t\t\t\t\t<h3 class=\"elementor-heading-title elementor-size-default\">Wir verschaffen Ihnen Luft!<\/h3>\t\t\t\t<\/div>\n\t\t\t\t<\/div>\n\t\t\t\t<\/div>\n\t\t<div class=\"elementor-element elementor-element-124fe7f e-con-full e-flex e-con e-child\" data-id=\"124fe7f\" data-element_type=\"container\">\n\t\t\t\t<div class=\"elementor-element elementor-element-4cb9141 elementor-widget elementor-widget-text-editor\" data-id=\"4cb9141\" data-element_type=\"widget\" data-widget_type=\"text-editor.default\">\n\t\t\t\t<div class=\"elementor-widget-container\">\n\t\t\t\t\t\t\t\t\t<div id=\"cc-m-13633087590\" class=\"j-module n j-text \"><p style=\"text-align: center;\">Setzen Sie auf die Profis mit versierter Erfahrung und einzigartigem Fachwissen. <br \/>Wir sind Ihr kompetenter Ansprechpartner f\u00fcr Probleml\u00f6sungen im Bereich Drucklufttechnik, Kompressoren und Zubeh\u00f6r.<\/p><p style=\"text-align: center;\"><strong>Vertrauen Sie unserem Know-How, bevor Ihnen die Luft ausgeht!<\/strong><\/p><\/div>\t\t\t\t\t\t\t\t<\/div>\n\t\t\t\t<\/div>\n\t\t\t\t<div class=\"elementor-element elementor-element-27aacd9 elementor-widget elementor-widget-text-editor\" data-id=\"27aacd9\" data-element_type=\"widget\" data-widget_type=\"text-editor.default\">\n\t\t\t\t<div class=\"elementor-widget-container\">\n\t\t\t\t\t\t\t\t\t<div class=\"cc-m-hgrid-column last\"><div id=\"cc-matrix-3817708090\"><div id=\"cc-m-14122953790\" class=\"j-module n j-text \"><p>Kompressoren <span style=\"color: #f58221;\">\u2022<\/span> Pneumatik <span style=\"color: #f58221;\">\u2022<\/span> Reparaturen<br \/>Druckluftwerkzeuge\u00a0<span style=\"color: #f58221;\">\u2022<\/span> Druckluftzubeh\u00f6r <span style=\"color: #f58221;\">\u2022<\/span> Industriebedarf<\/p><\/div><\/div><\/div>\t\t\t\t\t\t\t\t<\/div>\n\t\t\t\t<\/div>\n\t\t\t\t<div class=\"elementor-element elementor-element-08b524a elementor-widget elementor-widget-text-editor\" data-id=\"08b524a\" data-element_type=\"widget\" data-widget_type=\"text-editor.default\">\n\t\t\t\t<div class=\"elementor-widget-container\">\n\t\t\t\t\t\t\t\t\t<h4 style=\"text-align: center;\"><span style=\"color: #f58221;\">Unseren <strong>Notdienst <\/strong>erreichen Sie bei Bedarf 24\/7 unter: <strong><br \/>0800 \/ 000 55 90<\/strong><\/span><\/h4>\t\t\t\t\t\t\t\t<\/div>\n\t\t\t\t<\/div>\n\t\t\t\t<div class=\"elementor-element elementor-element-c78aff9 elementor-widget elementor-widget-text-editor\" data-id=\"c78aff9\" data-element_type=\"widget\" data-widget_type=\"text-editor.default\">\n\t\t\t\t<div class=\"elementor-widget-container\">\n\t\t\t\t\t\t\t\t\t<h5 style=\"text-align: center;\"><strong>Unsere Gesch\u00e4ftszeiten<\/strong><\/h5><h6 style=\"text-align: center;\">Montag \u2013 Donnerstag: 7:30 \u2013 16:30 Uhr<br \/>Freitag: 7:30 \u2013 14:00 Uhr<\/h6>\t\t\t\t\t\t\t\t<\/div>\n\t\t\t\t<\/div>\n\t\t\t\t<\/div>\n\t\t<div class=\"elementor-element elementor-element-8b32d77 e-con-full e-flex e-con e-child\" data-id=\"8b32d77\" data-element_type=\"container\">\n\t\t\t\t<\/div>\n\t\t\t\t\t<\/div>\n\t\t\t\t<\/div>\n\t\t<div class=\"elementor-element elementor-element-0b52cd9 e-flex e-con-boxed e-con e-parent\" data-id=\"0b52cd9\" data-element_type=\"container\">\n\t\t\t\t\t<div class=\"e-con-inner\">\n\t\t\t\t<div class=\"elementor-element elementor-element-0609576 elementor-widget elementor-widget-button\" data-id=\"0609576\" data-element_type=\"widget\" data-widget_type=\"button.default\">\n\t\t\t\t<div class=\"elementor-widget-container\">\n\t\t\t\t\t\t\t\t\t<div class=\"elementor-button-wrapper\">\n\t\t\t\t\t<a class=\"elementor-button elementor-button-link elementor-size-sm\" href=\"#\">\n\t\t\t\t\t\t<span class=\"elementor-button-content-wrapper\">\n\t\t\t\t\t\t\t\t\t<span class=\"elementor-button-text\">Hier klicken<\/span>\n\t\t\t\t\t<\/span>\n\t\t\t\t\t<\/a>\n\t\t\t\t<\/div>\n\t\t\t\t\t\t\t\t<\/div>\n\t\t\t\t<\/div>\n\t\t\t\t\t<\/div>\n\t\t\t\t<\/div>\n\t\t<div class=\"elementor-element elementor-element-45cd370 e-flex e-con-boxed e-con e-parent\" data-id=\"45cd370\" data-element_type=\"container\">\n\t\t\t\t\t<div class=\"e-con-inner\">\n\t\t\t\t\t<\/div>\n\t\t\t\t<\/div>\n\t\t\t\t<\/div>\n\t\t","protected":false},"excerpt":{"rendered":"<p>Herzlich willkommen bei Knoll Drucklufttechnik Wir verschaffen Ihnen Luft! Setzen Sie auf die Profis mit versierter Erfahrung und einzigartigem Fachwissen. Wir sind Ihr kompetenter Ansprechpartner f\u00fcr Probleml\u00f6sungen im Bereich Drucklufttechnik, Kompressoren und Zubeh\u00f6r. Vertrauen Sie unserem Know-How, bevor Ihnen die Luft ausgeht! Kompressoren \u2022 Pneumatik \u2022 ReparaturenDruckluftwerkzeuge\u00a0\u2022 Druckluftzubeh\u00f6r \u2022 Industriebedarf Unseren Notdienst erreichen Sie bei [&hellip;]<\/p>\n","protected":false},"author":1,"featured_media":0,"parent":0,"menu_order":0,"comment_status":"closed","ping_status":"closed","template":"","meta":{"footnotes":""},"class_list":["post-285","page","type-page","status-publish","hentry"],"_links":{"self":[{"href":"https:\/\/knoll-drucklufttechnik.de\/index.php\/wp-json\/wp\/v2\/pages\/285","targetHints":{"allow":["GET"]}}],"collection":[{"href":"https:\/\/knoll-drucklufttechnik.de\/index.php\/wp-json\/wp\/v2\/pages"}],"about":[{"href":"https:\/\/knoll-drucklufttechnik.de\/index.php\/wp-json\/wp\/v2\/types\/page"}],"author":[{"embeddable":true,"href":"https:\/\/knoll-drucklufttechnik.de\/index.php\/wp-json\/wp\/v2\/users\/1"}],"replies":[{"embeddable":true,"href":"https:\/\/knoll-drucklufttechnik.de\/index.php\/wp-json\/wp\/v2\/comments?post=285"}],"version-history":[{"count":151,"href":"https:\/\/knoll-drucklufttechnik.de\/index.php\/wp-json\/wp\/v2\/pages\/285\/revisions"}],"predecessor-version":[{"id":731,"href":"https:\/\/knoll-drucklufttechnik.de\/index.php\/wp-json\/wp\/v2\/pages\/285\/revisions\/731"}],"wp:attachment":[{"href":"https:\/\/knoll-drucklufttechnik.de\/index.php\/wp-json\/wp\/v2\/media?parent=285"}],"curies":[{"name":"wp","href":"https:\/\/api.w.org\/{rel}","templated":true}]}}